{"id":6668,"date":"2024-02-16T17:01:44","date_gmt":"2024-02-16T16:01:44","guid":{"rendered":"https:\/\/www.creatoz.com.pl\/cart\/"},"modified":"2024-03-07T01:52:39","modified_gmt":"2024-03-07T00:52:39","slug":"cart","status":"publish","type":"page","link":"https:\/\/www.creatoz.com.pl\/en\/cart\/","title":{"rendered":"Cart"},"content":{"rendered":"<div class=\"fusion-fullwidth fullwidth-box fusion-builder-row-1 fusion-flex-container nonhundred-percent-fullwidth non-hundred-percent-height-scrolling\" style=\"--awb-border-radius-top-left:0px;--awb-border-radius-top-right:0px;--awb-border-radius-bottom-right:0px;--awb-border-radius-bottom-left:0px;--awb-flex-wrap:wrap;\" ><div class=\"fusion-builder-row fusion-row fusion-flex-align-items-flex-start fusion-flex-content-wrap\" style=\"max-width:1248px;margin-left: calc(-4% \/ 2 );margin-right: calc(-4% \/ 2 );\"><div class=\"fusion-layout-column fusion_builder_column fusion-builder-column-0 fusion_builder_column_1_1 1_1 fusion-flex-column\" style=\"--awb-bg-size:cover;--awb-width-large:100%;--awb-margin-top-large:0px;--awb-spacing-right-large:1.92%;--awb-margin-bottom-large:0px;--awb-spacing-left-large:1.92%;--awb-width-medium:100%;--awb-spacing-right-medium:1.92%;--awb-spacing-left-medium:1.92%;--awb-width-small:100%;--awb-spacing-right-small:1.92%;--awb-spacing-left-small:1.92%;\"><div class=\"fusion-column-wrapper fusion-flex-justify-content-flex-start fusion-content-layout-column\"><div class=\"fusion-text fusion-text-1\"><div data-block-name=\"woocommerce\/cart\" data-translated-with-w-p-m-l-t-m=\"1\" class=\"wp-block-woocommerce-cart alignwide is-loading\">\n<div data-block-name=\"woocommerce\/filled-cart-block\" data-translated-with-w-p-m-l-t-m=\"1\" class=\"wp-block-woocommerce-filled-cart-block\">\n<div data-block-name=\"woocommerce\/cart-items-block\" data-translated-with-w-p-m-l-t-m=\"1\" class=\"wp-block-woocommerce-cart-items-block\">\n<div data-block-name=\"woocommerce\/cart-line-items-block\" data-translated-with-w-p-m-l-t-m=\"1\" class=\"wp-block-woocommerce-cart-line-items-block\">\u00a0<\/div>\n<div data-block-name=\"woocommerce\/cart-cross-sells-block\" data-translated-with-w-p-m-l-t-m=\"1\" class=\"wp-block-woocommerce-cart-cross-sells-block\">&#13;<\/p>\n<h2 class=\"wp-block-heading has-large-font-size\">See other equally interesting\u2026<\/h2>\n<p>&#13;<\/p>\n<div data-block-name=\"woocommerce\/cart-cross-sells-products-block\" data-translated-with-w-p-m-l-t-m=\"1\" class=\"wp-block-woocommerce-cart-cross-sells-products-block\">\u00a0<\/div>\n<\/div>\n<\/div>\n<div data-block-name=\"woocommerce\/cart-totals-block\" data-translated-with-w-p-m-l-t-m=\"1\" class=\"wp-block-woocommerce-cart-totals-block\">\n<div data-block-name=\"woocommerce\/cart-order-summary-block\" data-translated-with-w-p-m-l-t-m=\"1\" class=\"wp-block-woocommerce-cart-order-summary-block\">\n<div data-block-name=\"woocommerce\/cart-order-summary-heading-block\" data-translated-with-w-p-m-l-t-m=\"1\" class=\"wp-block-woocommerce-cart-order-summary-heading-block\">\u00a0<\/div>\n<div data-block-name=\"woocommerce\/cart-order-summary-coupon-form-block\" data-translated-with-w-p-m-l-t-m=\"1\" class=\"wp-block-woocommerce-cart-order-summary-coupon-form-block\">\u00a0<\/div>\n<div data-block-name=\"woocommerce\/cart-order-summary-totals-block\" class=\"wp-block-woocommerce-cart-order-summary-totals-block\">\n<div data-block-name=\"woocommerce\/cart-order-summary-subtotal-block\" data-translated-with-w-p-m-l-t-m=\"1\" class=\"wp-block-woocommerce-cart-order-summary-subtotal-block\">\u00a0<\/div>\n<div data-block-name=\"woocommerce\/cart-order-summary-discount-block\" data-translated-with-w-p-m-l-t-m=\"1\" class=\"wp-block-woocommerce-cart-order-summary-discount-block\">\u00a0<\/div>\n<div data-block-name=\"woocommerce\/cart-order-summary-fee-block\" data-translated-with-w-p-m-l-t-m=\"1\" class=\"wp-block-woocommerce-cart-order-summary-fee-block\">\u00a0<\/div>\n<div data-block-name=\"woocommerce\/cart-order-summary-shipping-block\" data-translated-with-w-p-m-l-t-m=\"1\" class=\"wp-block-woocommerce-cart-order-summary-shipping-block\">\u00a0<\/div>\n<div data-block-name=\"woocommerce\/cart-order-summary-taxes-block\" data-translated-with-w-p-m-l-t-m=\"1\" class=\"wp-block-woocommerce-cart-order-summary-taxes-block\">\u00a0<\/div>\n<\/div>\n<\/div>\n<div data-block-name=\"woocommerce\/cart-express-payment-block\" data-translated-with-w-p-m-l-t-m=\"1\" class=\"wp-block-woocommerce-cart-express-payment-block\">\u00a0<\/div>\n<div data-block-name=\"woocommerce\/proceed-to-checkout-block\" data-translated-with-w-p-m-l-t-m=\"1\" class=\"wp-block-woocommerce-proceed-to-checkout-block\">\u00a0<\/div>\n<div data-block-name=\"woocommerce\/cart-accepted-payment-methods-block\" data-translated-with-w-p-m-l-t-m=\"1\" class=\"wp-block-woocommerce-cart-accepted-payment-methods-block\">\u00a0<\/div>\n<\/div>\n<\/div>\n<div data-block-name=\"woocommerce\/empty-cart-block\" data-translated-with-w-p-m-l-t-m=\"1\" class=\"wp-block-woocommerce-empty-cart-block\">&#13;<\/p>\n<h2 class=\"wp-block-heading has-text-align-center with-empty-cart-icon wc-block-cart__empty-cart__title\">Your cart is currently empty!<\/h2>\n<p>&#13;<\/p>\n<hr class=\"wp-block-separator has-alpha-channel-opacity is-style-dots\" \/>\n<p>&#13;<\/p>\n<h2 class=\"wp-block-heading has-text-align-center\">New in store<\/h2>\n<p>&#13;<\/p>\n<div data-block-name=\"woocommerce\/product-new\" data-columns=\"4\" data-rows=\"1\" class=\"wc-block-grid wp-block-product-new wp-block-woocommerce-product-new wc-block-product-new has-4-columns\">\n<ul class=\"wc-block-grid__products\">\n<li class=\"wc-block-grid__product\"><span class=\"gtm4wp_productdata\" style=\"display:none; visibility:hidden;\" data-gtm4wp_product_data=\"{&quot;internal_id&quot;:6663,&quot;item_id&quot;:6663,&quot;item_name&quot;:&quot;Water Energizer Harmonizer&quot;,&quot;sku&quot;:&quot;A95A-764BB&quot;,&quot;price&quot;:499,&quot;stocklevel&quot;:null,&quot;stockstatus&quot;:&quot;instock&quot;,&quot;google_business_vertical&quot;:&quot;retail&quot;,&quot;item_category&quot;:&quot;&quot;,&quot;id&quot;:6663,&quot;productlink&quot;:&quot;https:\\\/\\\/www.creatoz.com.pl\\\/en\\\/produkt\\\/water-energizer-harmonizer\\\/&quot;,&quot;item_list_name&quot;:&quot;General Product List&quot;,&quot;index&quot;:0,&quot;product_type&quot;:&quot;simple&quot;,&quot;item_brand&quot;:&quot;&quot;}\"><\/span>\n\t\t\t\t<a href=\"https:\/\/www.creatoz.com.pl\/en\/produkt\/water-energizer-harmonizer\/\" class=\"wc-block-grid__product-link\"><\/p>\n<div class=\"wc-block-grid__product-image\"><img decoding=\"async\" width=\"500\" height=\"500\" src=\"https:\/\/www.creatoz.com.pl\/wp-content\/uploads\/2024\/02\/Energetyzator-Wody-Sklep-5-500x500.png\" class=\"attachment-woocommerce_thumbnail size-woocommerce_thumbnail\" alt=\"Energetyzator wody Creatoz na tle wiruj\u0105cej energii w odcieniach r\u00f3\u017cu, b\u0142\u0119kitu i fioletu \u2013 produkt wspieraj\u0105cy strukturyzacj\u0119 i harmonizacj\u0119 wody\" srcset=\"https:\/\/www.creatoz.com.pl\/wp-content\/uploads\/2024\/02\/Energetyzator-Wody-Sklep-5-66x66.png 66w, https:\/\/www.creatoz.com.pl\/wp-content\/uploads\/2024\/02\/Energetyzator-Wody-Sklep-5-150x150.png 150w, https:\/\/www.creatoz.com.pl\/wp-content\/uploads\/2024\/02\/Energetyzator-Wody-Sklep-5-200x200.png 200w, https:\/\/www.creatoz.com.pl\/wp-content\/uploads\/2024\/02\/Energetyzator-Wody-Sklep-5-300x300.png 300w, https:\/\/www.creatoz.com.pl\/wp-content\/uploads\/2024\/02\/Energetyzator-Wody-Sklep-5-320x320.png 320w, https:\/\/www.creatoz.com.pl\/wp-content\/uploads\/2024\/02\/Energetyzator-Wody-Sklep-5-400x400.png 400w, https:\/\/www.creatoz.com.pl\/wp-content\/uploads\/2024\/02\/Energetyzator-Wody-Sklep-5-500x500.png 500w, https:\/\/www.creatoz.com.pl\/wp-content\/uploads\/2024\/02\/Energetyzator-Wody-Sklep-5-600x600.png 600w, https:\/\/www.creatoz.com.pl\/wp-content\/uploads\/2024\/02\/Energetyzator-Wody-Sklep-5.png 651w\" sizes=\"(max-width: 500px) 100vw, 500px\" \/><\/div>\n<div class=\"wc-block-grid__product-title\">Water Energizer Harmonizer<\/div>\n<p>\t\t\t\t<\/a><\/p>\n<div class=\"wc-block-grid__product-price price\"><span class=\"woocommerce-Price-amount amount\">499,00&nbsp;<span class=\"woocommerce-Price-currencySymbol\">&#122;&#322;<\/span><\/span><\/div>\n<div class=\"wp-block-button wc-block-grid__product-add-to-cart\"><a href=\"\/en\/wp-json\/wp\/v2\/pages\/6668?add-to-cart=6663\" aria-label=\"Add to cart: &ldquo;Water Energizer Harmonizer&rdquo;\" data-quantity=\"1\" data-product_id=\"6663\" data-product_sku=\"A95A-764BB\" data-price=\"499\" rel=\"nofollow\" class=\"wp-block-button__link  add_to_cart_button ajax_add_to_cart\">Add to cart<\/a><\/div>\n<\/li>\n<li class=\"wc-block-grid__product\"><span class=\"gtm4wp_productdata\" style=\"display:none; visibility:hidden;\" data-gtm4wp_product_data=\"{&quot;internal_id&quot;:6664,&quot;item_id&quot;:6664,&quot;item_name&quot;:&quot;Stationary Harmonizer&quot;,&quot;sku&quot;:&quot;8B26-9995B&quot;,&quot;price&quot;:899,&quot;stocklevel&quot;:null,&quot;stockstatus&quot;:&quot;instock&quot;,&quot;google_business_vertical&quot;:&quot;retail&quot;,&quot;item_category&quot;:&quot;&quot;,&quot;id&quot;:6664,&quot;productlink&quot;:&quot;https:\\\/\\\/www.creatoz.com.pl\\\/en\\\/produkt\\\/stationary-harmonizer\\\/&quot;,&quot;item_list_name&quot;:&quot;General Product List&quot;,&quot;index&quot;:0,&quot;product_type&quot;:&quot;simple&quot;,&quot;item_brand&quot;:&quot;&quot;}\"><\/span>\n\t\t\t\t<a href=\"https:\/\/www.creatoz.com.pl\/en\/produkt\/stationary-harmonizer\/\" class=\"wc-block-grid__product-link\"><\/p>\n<div class=\"wc-block-grid__product-image\"><img decoding=\"async\" width=\"500\" height=\"500\" src=\"https:\/\/www.creatoz.com.pl\/wp-content\/uploads\/2024\/02\/Harmonizator-Stacjonarny-Sklep-500x500.png\" class=\"attachment-woocommerce_thumbnail size-woocommerce_thumbnail\" alt=\"Harmonizator Stacjonarny Creatoz z fioletowo-r\u00f3\u017cow\u0105 spiral\u0105 energetyczn\u0105 i z\u0142otym symbolem Merkawy\" srcset=\"https:\/\/www.creatoz.com.pl\/wp-content\/uploads\/2024\/02\/Harmonizator-Stacjonarny-Sklep-66x66.png 66w, https:\/\/www.creatoz.com.pl\/wp-content\/uploads\/2024\/02\/Harmonizator-Stacjonarny-Sklep-150x150.png 150w, https:\/\/www.creatoz.com.pl\/wp-content\/uploads\/2024\/02\/Harmonizator-Stacjonarny-Sklep-200x200.png 200w, https:\/\/www.creatoz.com.pl\/wp-content\/uploads\/2024\/02\/Harmonizator-Stacjonarny-Sklep-300x300.png 300w, https:\/\/www.creatoz.com.pl\/wp-content\/uploads\/2024\/02\/Harmonizator-Stacjonarny-Sklep-320x320.png 320w, https:\/\/www.creatoz.com.pl\/wp-content\/uploads\/2024\/02\/Harmonizator-Stacjonarny-Sklep-400x400.png 400w, https:\/\/www.creatoz.com.pl\/wp-content\/uploads\/2024\/02\/Harmonizator-Stacjonarny-Sklep-500x500.png 500w, https:\/\/www.creatoz.com.pl\/wp-content\/uploads\/2024\/02\/Harmonizator-Stacjonarny-Sklep-600x600.png 600w, https:\/\/www.creatoz.com.pl\/wp-content\/uploads\/2024\/02\/Harmonizator-Stacjonarny-Sklep.png 651w\" sizes=\"(max-width: 500px) 100vw, 500px\" \/><\/div>\n<div class=\"wc-block-grid__product-title\">Stationary Harmonizer<\/div>\n<p>\t\t\t\t<\/a><\/p>\n<div class=\"wc-block-grid__product-price price\"><span class=\"woocommerce-Price-amount amount\">899,00&nbsp;<span class=\"woocommerce-Price-currencySymbol\">&#122;&#322;<\/span><\/span><\/div>\n<div class=\"wp-block-button wc-block-grid__product-add-to-cart\"><a href=\"\/en\/wp-json\/wp\/v2\/pages\/6668?add-to-cart=6664\" aria-label=\"Add to cart: &ldquo;Stationary Harmonizer&rdquo;\" data-quantity=\"1\" data-product_id=\"6664\" data-product_sku=\"8B26-9995B\" data-price=\"899\" rel=\"nofollow\" class=\"wp-block-button__link  add_to_cart_button ajax_add_to_cart\">Add to cart<\/a><\/div>\n<\/li>\n<\/ul>\n<\/div>\n<\/div>\n<\/div>\n<\/div><\/div><\/div><\/div><\/div>\n","protected":false},"excerpt":{"rendered":"","protected":false},"author":1,"featured_media":0,"parent":0,"menu_order":0,"comment_status":"closed","ping_status":"closed","template":"","meta":{"_acf_changed":false,"footnotes":""},"class_list":["post-6668","page","type-page","status-publish","hentry"],"acf":[],"yoast_head":"<!-- This site is optimized with the Yoast SEO plugin v27.3 - https:\/\/yoast.com\/product\/yoast-seo-wordpress\/ -->\n<title>Cart - Creatoz<\/title>\n<meta name=\"robots\" content=\"index, follow, max-snippet:-1, max-image-preview:large, max-video-preview:-1\" \/>\n<link rel=\"canonical\" href=\"https:\/\/www.creatoz.com.pl\/en\/cart\/\" \/>\n<meta property=\"og:locale\" content=\"en_US\" \/>\n<meta property=\"og:type\" content=\"article\" \/>\n<meta property=\"og:title\" content=\"Cart - Creatoz\" \/>\n<meta property=\"og:url\" content=\"https:\/\/www.creatoz.com.pl\/en\/cart\/\" \/>\n<meta property=\"og:site_name\" content=\"Creatoz\" \/>\n<meta property=\"article:modified_time\" content=\"2024-03-07T00:52:39+00:00\" \/>\n<meta name=\"twitter:card\" content=\"summary_large_image\" \/>\n<meta name=\"twitter:label1\" content=\"Est. reading time\" \/>\n\t<meta name=\"twitter:data1\" content=\"1 minute\" \/>\n<script type=\"application\/ld+json\" class=\"yoast-schema-graph\">{\"@context\":\"https:\\\/\\\/schema.org\",\"@graph\":[{\"@type\":\"WebPage\",\"@id\":\"https:\\\/\\\/www.creatoz.com.pl\\\/en\\\/cart\\\/\",\"url\":\"https:\\\/\\\/www.creatoz.com.pl\\\/en\\\/cart\\\/\",\"name\":\"Cart - Creatoz\",\"isPartOf\":{\"@id\":\"https:\\\/\\\/www.creatoz.com.pl\\\/en\\\/#website\"},\"datePublished\":\"2024-02-16T16:01:44+00:00\",\"dateModified\":\"2024-03-07T00:52:39+00:00\",\"breadcrumb\":{\"@id\":\"https:\\\/\\\/www.creatoz.com.pl\\\/en\\\/cart\\\/#breadcrumb\"},\"inLanguage\":\"en-US\",\"potentialAction\":[{\"@type\":\"ReadAction\",\"target\":[\"https:\\\/\\\/www.creatoz.com.pl\\\/en\\\/cart\\\/\"]}]},{\"@type\":\"BreadcrumbList\",\"@id\":\"https:\\\/\\\/www.creatoz.com.pl\\\/en\\\/cart\\\/#breadcrumb\",\"itemListElement\":[{\"@type\":\"ListItem\",\"position\":1,\"name\":\"Strona g\u0142\u00f3wna\",\"item\":\"https:\\\/\\\/www.creatoz.com.pl\\\/en\\\/\"},{\"@type\":\"ListItem\",\"position\":2,\"name\":\"Cart\"}]},{\"@type\":\"WebSite\",\"@id\":\"https:\\\/\\\/www.creatoz.com.pl\\\/en\\\/#website\",\"url\":\"https:\\\/\\\/www.creatoz.com.pl\\\/en\\\/\",\"name\":\"Creatoz\",\"description\":\"Firma, kt\u00f3ra stworzy\u0142a harmonizatory stoj\u0105ce na stra\u017cy biopola\",\"potentialAction\":[{\"@type\":\"SearchAction\",\"target\":{\"@type\":\"EntryPoint\",\"urlTemplate\":\"https:\\\/\\\/www.creatoz.com.pl\\\/en\\\/?s={search_term_string}\"},\"query-input\":{\"@type\":\"PropertyValueSpecification\",\"valueRequired\":true,\"valueName\":\"search_term_string\"}}],\"inLanguage\":\"en-US\"}]}<\/script>\n<!-- \/ Yoast SEO plugin. -->","yoast_head_json":{"title":"Cart - Creatoz","robots":{"index":"index","follow":"follow","max-snippet":"max-snippet:-1","max-image-preview":"max-image-preview:large","max-video-preview":"max-video-preview:-1"},"canonical":"https:\/\/www.creatoz.com.pl\/en\/cart\/","og_locale":"en_US","og_type":"article","og_title":"Cart - Creatoz","og_url":"https:\/\/www.creatoz.com.pl\/en\/cart\/","og_site_name":"Creatoz","article_modified_time":"2024-03-07T00:52:39+00:00","twitter_card":"summary_large_image","twitter_misc":{"Est. reading time":"1 minute"},"schema":{"@context":"https:\/\/schema.org","@graph":[{"@type":"WebPage","@id":"https:\/\/www.creatoz.com.pl\/en\/cart\/","url":"https:\/\/www.creatoz.com.pl\/en\/cart\/","name":"Cart - Creatoz","isPartOf":{"@id":"https:\/\/www.creatoz.com.pl\/en\/#website"},"datePublished":"2024-02-16T16:01:44+00:00","dateModified":"2024-03-07T00:52:39+00:00","breadcrumb":{"@id":"https:\/\/www.creatoz.com.pl\/en\/cart\/#breadcrumb"},"inLanguage":"en-US","potentialAction":[{"@type":"ReadAction","target":["https:\/\/www.creatoz.com.pl\/en\/cart\/"]}]},{"@type":"BreadcrumbList","@id":"https:\/\/www.creatoz.com.pl\/en\/cart\/#breadcrumb","itemListElement":[{"@type":"ListItem","position":1,"name":"Strona g\u0142\u00f3wna","item":"https:\/\/www.creatoz.com.pl\/en\/"},{"@type":"ListItem","position":2,"name":"Cart"}]},{"@type":"WebSite","@id":"https:\/\/www.creatoz.com.pl\/en\/#website","url":"https:\/\/www.creatoz.com.pl\/en\/","name":"Creatoz","description":"Firma, kt\u00f3ra stworzy\u0142a harmonizatory stoj\u0105ce na stra\u017cy biopola","potentialAction":[{"@type":"SearchAction","target":{"@type":"EntryPoint","urlTemplate":"https:\/\/www.creatoz.com.pl\/en\/?s={search_term_string}"},"query-input":{"@type":"PropertyValueSpecification","valueRequired":true,"valueName":"search_term_string"}}],"inLanguage":"en-US"}]}},"jetpack_sharing_enabled":true,"_links":{"self":[{"href":"https:\/\/www.creatoz.com.pl\/en\/wp-json\/wp\/v2\/pages\/6668","targetHints":{"allow":["GET"]}}],"collection":[{"href":"https:\/\/www.creatoz.com.pl\/en\/wp-json\/wp\/v2\/pages"}],"about":[{"href":"https:\/\/www.creatoz.com.pl\/en\/wp-json\/wp\/v2\/types\/page"}],"author":[{"embeddable":true,"href":"https:\/\/www.creatoz.com.pl\/en\/wp-json\/wp\/v2\/users\/1"}],"replies":[{"embeddable":true,"href":"https:\/\/www.creatoz.com.pl\/en\/wp-json\/wp\/v2\/comments?post=6668"}],"version-history":[{"count":2,"href":"https:\/\/www.creatoz.com.pl\/en\/wp-json\/wp\/v2\/pages\/6668\/revisions"}],"predecessor-version":[{"id":8597,"href":"https:\/\/www.creatoz.com.pl\/en\/wp-json\/wp\/v2\/pages\/6668\/revisions\/8597"}],"wp:attachment":[{"href":"https:\/\/www.creatoz.com.pl\/en\/wp-json\/wp\/v2\/media?parent=6668"}],"curies":[{"name":"wp","href":"https:\/\/api.w.org\/{rel}","templated":true}]}}