{"id":6679,"date":"2024-02-21T14:31:47","date_gmt":"2024-02-21T13:31:47","guid":{"rendered":"https:\/\/www.creatoz.com.pl\/delivery-time\/"},"modified":"2024-05-22T14:25:58","modified_gmt":"2024-05-22T12:25:58","slug":"delivery-time","status":"publish","type":"page","link":"https:\/\/www.creatoz.com.pl\/en\/delivery-time\/","title":{"rendered":"Delivery time"},"content":{"rendered":"<div class=\"fusion-fullwidth fullwidth-box fusion-builder-row-1 fusion-flex-container nonhundred-percent-fullwidth non-hundred-percent-height-scrolling\" style=\"--awb-border-radius-top-left:0px;--awb-border-radius-top-right:0px;--awb-border-radius-bottom-right:0px;--awb-border-radius-bottom-left:0px;--awb-margin-top:128px;--awb-margin-top-medium:64px;--awb-flex-wrap:wrap;\" ><div class=\"fusion-builder-row fusion-row fusion-flex-align-items-flex-start fusion-flex-content-wrap\" style=\"max-width:1248px;margin-left: calc(-4% \/ 2 );margin-right: calc(-4% \/ 2 );\"><div class=\"fusion-layout-column fusion_builder_column fusion-builder-column-0 fusion_builder_column_1_1 1_1 fusion-flex-column\" style=\"--awb-bg-blend:overlay;--awb-bg-size:cover;--awb-width-large:100%;--awb-margin-top-large:0px;--awb-spacing-right-large:1.92%;--awb-margin-bottom-large:0px;--awb-spacing-left-large:1.92%;--awb-width-medium:100%;--awb-spacing-right-medium:1.92%;--awb-spacing-left-medium:1.92%;--awb-width-small:100%;--awb-spacing-right-small:1.92%;--awb-spacing-left-small:1.92%;\"><div class=\"fusion-column-wrapper fusion-flex-justify-content-flex-start fusion-content-layout-column\"><div class=\"fusion-title title fusion-title-1 fusion-sep-none fusion-title-center fusion-title-text fusion-title-size-one vc__mobile-title\" style=\"--awb-font-size:var(--awb-typography1-font-size);\"><h1 class=\"fusion-title-heading title-heading-center\" style=\"font-family:var(--awb-typography1-font-family);font-weight:var(--awb-typography1-font-weight);font-style:var(--awb-typography1-font-style);margin:0;font-size:1em;letter-spacing:var(--awb-typography1-letter-spacing);text-transform:var(--awb-typography1-text-transform);line-height:var(--awb-typography1-line-height);\"><strong>Delivery time<\/strong><\/h1><\/div><div class=\"fusion-text fusion-text-1\"><p>Every item in the case of payment by bank transfer or online payment is sent immediately after posting the money on our account.<\/p>\n<p>Shipments are delivered by a selected courier company or Polish Post &#8211; the delivery time depends on the chosen carrier, type of shipment, and recipient&#8217;s address. Typically, this takes up to 3 working days.<\/p>\n<\/div><\/div><\/div><\/div><\/div>\n","protected":false},"excerpt":{"rendered":"","protected":false},"author":1,"featured_media":0,"parent":0,"menu_order":0,"comment_status":"closed","ping_status":"closed","template":"100-width.php","meta":{"_acf_changed":false,"footnotes":""},"class_list":["post-6679","page","type-page","status-publish","hentry"],"acf":[],"yoast_head":"<!-- This site is optimized with the Yoast SEO plugin v27.3 - https:\/\/yoast.com\/product\/yoast-seo-wordpress\/ -->\n<title>Delivery time - Creatoz<\/title>\n<meta name=\"robots\" content=\"index, follow, max-snippet:-1, max-image-preview:large, max-video-preview:-1\" \/>\n<link rel=\"canonical\" href=\"https:\/\/www.creatoz.com.pl\/en\/delivery-time\/\" \/>\n<meta property=\"og:locale\" content=\"en_US\" \/>\n<meta property=\"og:type\" content=\"article\" \/>\n<meta property=\"og:title\" content=\"Delivery time - Creatoz\" \/>\n<meta property=\"og:url\" content=\"https:\/\/www.creatoz.com.pl\/en\/delivery-time\/\" \/>\n<meta property=\"og:site_name\" content=\"Creatoz\" \/>\n<meta property=\"article:modified_time\" content=\"2024-05-22T12:25:58+00:00\" \/>\n<meta name=\"twitter:card\" content=\"summary_large_image\" \/>\n<meta name=\"twitter:label1\" content=\"Est. reading time\" \/>\n\t<meta name=\"twitter:data1\" content=\"2 minutes\" \/>\n<script type=\"application\/ld+json\" class=\"yoast-schema-graph\">{\"@context\":\"https:\\\/\\\/schema.org\",\"@graph\":[{\"@type\":\"WebPage\",\"@id\":\"https:\\\/\\\/www.creatoz.com.pl\\\/en\\\/delivery-time\\\/\",\"url\":\"https:\\\/\\\/www.creatoz.com.pl\\\/en\\\/delivery-time\\\/\",\"name\":\"Delivery time - Creatoz\",\"isPartOf\":{\"@id\":\"https:\\\/\\\/www.creatoz.com.pl\\\/en\\\/#website\"},\"datePublished\":\"2024-02-21T13:31:47+00:00\",\"dateModified\":\"2024-05-22T12:25:58+00:00\",\"breadcrumb\":{\"@id\":\"https:\\\/\\\/www.creatoz.com.pl\\\/en\\\/delivery-time\\\/#breadcrumb\"},\"inLanguage\":\"en-US\",\"potentialAction\":[{\"@type\":\"ReadAction\",\"target\":[\"https:\\\/\\\/www.creatoz.com.pl\\\/en\\\/delivery-time\\\/\"]}]},{\"@type\":\"BreadcrumbList\",\"@id\":\"https:\\\/\\\/www.creatoz.com.pl\\\/en\\\/delivery-time\\\/#breadcrumb\",\"itemListElement\":[{\"@type\":\"ListItem\",\"position\":1,\"name\":\"Strona g\u0142\u00f3wna\",\"item\":\"https:\\\/\\\/www.creatoz.com.pl\\\/en\\\/\"},{\"@type\":\"ListItem\",\"position\":2,\"name\":\"Delivery time\"}]},{\"@type\":\"WebSite\",\"@id\":\"https:\\\/\\\/www.creatoz.com.pl\\\/en\\\/#website\",\"url\":\"https:\\\/\\\/www.creatoz.com.pl\\\/en\\\/\",\"name\":\"Creatoz\",\"description\":\"Firma, kt\u00f3ra stworzy\u0142a harmonizatory stoj\u0105ce na stra\u017cy biopola\",\"potentialAction\":[{\"@type\":\"SearchAction\",\"target\":{\"@type\":\"EntryPoint\",\"urlTemplate\":\"https:\\\/\\\/www.creatoz.com.pl\\\/en\\\/?s={search_term_string}\"},\"query-input\":{\"@type\":\"PropertyValueSpecification\",\"valueRequired\":true,\"valueName\":\"search_term_string\"}}],\"inLanguage\":\"en-US\"}]}<\/script>\n<!-- \/ Yoast SEO plugin. -->","yoast_head_json":{"title":"Delivery time - Creatoz","robots":{"index":"index","follow":"follow","max-snippet":"max-snippet:-1","max-image-preview":"max-image-preview:large","max-video-preview":"max-video-preview:-1"},"canonical":"https:\/\/www.creatoz.com.pl\/en\/delivery-time\/","og_locale":"en_US","og_type":"article","og_title":"Delivery time - Creatoz","og_url":"https:\/\/www.creatoz.com.pl\/en\/delivery-time\/","og_site_name":"Creatoz","article_modified_time":"2024-05-22T12:25:58+00:00","twitter_card":"summary_large_image","twitter_misc":{"Est. reading time":"2 minutes"},"schema":{"@context":"https:\/\/schema.org","@graph":[{"@type":"WebPage","@id":"https:\/\/www.creatoz.com.pl\/en\/delivery-time\/","url":"https:\/\/www.creatoz.com.pl\/en\/delivery-time\/","name":"Delivery time - Creatoz","isPartOf":{"@id":"https:\/\/www.creatoz.com.pl\/en\/#website"},"datePublished":"2024-02-21T13:31:47+00:00","dateModified":"2024-05-22T12:25:58+00:00","breadcrumb":{"@id":"https:\/\/www.creatoz.com.pl\/en\/delivery-time\/#breadcrumb"},"inLanguage":"en-US","potentialAction":[{"@type":"ReadAction","target":["https:\/\/www.creatoz.com.pl\/en\/delivery-time\/"]}]},{"@type":"BreadcrumbList","@id":"https:\/\/www.creatoz.com.pl\/en\/delivery-time\/#breadcrumb","itemListElement":[{"@type":"ListItem","position":1,"name":"Strona g\u0142\u00f3wna","item":"https:\/\/www.creatoz.com.pl\/en\/"},{"@type":"ListItem","position":2,"name":"Delivery time"}]},{"@type":"WebSite","@id":"https:\/\/www.creatoz.com.pl\/en\/#website","url":"https:\/\/www.creatoz.com.pl\/en\/","name":"Creatoz","description":"Firma, kt\u00f3ra stworzy\u0142a harmonizatory stoj\u0105ce na stra\u017cy biopola","potentialAction":[{"@type":"SearchAction","target":{"@type":"EntryPoint","urlTemplate":"https:\/\/www.creatoz.com.pl\/en\/?s={search_term_string}"},"query-input":{"@type":"PropertyValueSpecification","valueRequired":true,"valueName":"search_term_string"}}],"inLanguage":"en-US"}]}},"jetpack_sharing_enabled":true,"_links":{"self":[{"href":"https:\/\/www.creatoz.com.pl\/en\/wp-json\/wp\/v2\/pages\/6679","targetHints":{"allow":["GET"]}}],"collection":[{"href":"https:\/\/www.creatoz.com.pl\/en\/wp-json\/wp\/v2\/pages"}],"about":[{"href":"https:\/\/www.creatoz.com.pl\/en\/wp-json\/wp\/v2\/types\/page"}],"author":[{"embeddable":true,"href":"https:\/\/www.creatoz.com.pl\/en\/wp-json\/wp\/v2\/users\/1"}],"replies":[{"embeddable":true,"href":"https:\/\/www.creatoz.com.pl\/en\/wp-json\/wp\/v2\/comments?post=6679"}],"version-history":[{"count":4,"href":"https:\/\/www.creatoz.com.pl\/en\/wp-json\/wp\/v2\/pages\/6679\/revisions"}],"predecessor-version":[{"id":7054,"href":"https:\/\/www.creatoz.com.pl\/en\/wp-json\/wp\/v2\/pages\/6679\/revisions\/7054"}],"wp:attachment":[{"href":"https:\/\/www.creatoz.com.pl\/en\/wp-json\/wp\/v2\/media?parent=6679"}],"curies":[{"name":"wp","href":"https:\/\/api.w.org\/{rel}","templated":true}]}}